{"id":565,"date":"2025-10-19T14:33:17","date_gmt":"2025-10-19T12:33:17","guid":{"rendered":"https:\/\/bebemarket.ee\/?page_id=565"},"modified":"2025-11-20T19:16:34","modified_gmt":"2025-11-20T17:16:34","slug":"privaatsuspoliitika","status":"publish","type":"page","link":"https:\/\/bebemarket.ee\/ru\/privaatsuspoliitika\/","title":{"rendered":"\u041f\u043e\u043b\u0438\u0442\u0438\u043a\u0430 \u043f\u0440\u0438\u0432\u0430\u0442\u043d\u043e\u0441\u0442\u0438"},"content":{"rendered":"<p><strong>\u041f\u043e\u043b\u0438\u0442\u0438\u043a\u0430 \u043f\u0440\u0438\u0432\u0430\u0442\u043d\u043e\u0441\u0442\u0438<\/strong><\/p>\n\n\n\n<p>Bebemarket on v\u00f5tnud endale kohustuse kaitsta klientide ja kasutajate privaatsust. Sellest l\u00e4htuvalt oleme koostanud k\u00e4esolevad privaatsuspoliitika p\u00f5him\u00f5tted, mis k\u00e4sitlevad kliendi andmete kogumist, kasutamist, avaldamist, edastamist ja talletamist. Meie tegevus internetis on koosk\u00f5las k\u00f5igi asjakohaste tegevuste ja vastavate Euroopa Liidu \u00f5igusaktide ja Eesti Vabariigi seadustega. Leia veidi aega ja tutvu meie privaatsusp\u00f5him\u00f5tetega.\u00a0<br>\u00a0<\/p>\n\n\n\n<p><strong>Isikuandmete kogumine ja kasutamine<\/strong><\/p>\n\n\n\n<p>Isikuandmed on Sinu, kui eraisikuga konkreetselt v\u00f5i kaudselt seostatavad andmed, mida Minikid kogub ja t\u00f6\u00f6tleb \u00fcksikisikuga s\u00f5lmitud lepingu t\u00e4itmiseks v\u00f5i temaga \u00fchenduse v\u00f5tmiseks ning seadustest tulenevate kohustuste t\u00e4itmiseks.<\/p>\n\n\n\n<p>P\u00fcsikliendi isikuandmete kogumine v\u00f5ib toimuda allj\u00e4rgnevatel viisidel:<\/p>\n\n\n\n<p>\u2022 kontaktandmete (sh sinu nimi, isikukood, postiaadress, telefoninumber, e-posti aadress, eelistatud kontakteerumisviis) esitamisel&nbsp; meie veebisaidil v\u00f5i mujal (n\u00e4it. kauplused);<br>\u2022 veebisaidi kasutamisel kliendi kontoinfost v\u00f5i k\u00fcpsiste (cookies) kaudu<br>\u2022 ostu v\u00f5i tellimuse sooritamisel meie poes v\u00f5i e-poes isiku kontaktandmete v\u00f5i ostueelistusi puudutavate andmete&nbsp; talletamisel&nbsp; (Minikid v\u00f5ib paluda teatud veebilehe aladel vabatahtlikult esitada isikuandmeid ja personaalset informatsiooni. N\u00f5utavad isikuandmed v\u00f5ivad sisaldada nime, aadressi, postiindeksit, e-posti aadressi, telefoninumbrit ja teisi andmeid);<br>\u2022 j\u00e4relmaksutaotluse esitamisel<\/p>\n\n\n\n<p><strong>Muude andmete kogumine<\/strong><\/p>\n\n\n\n<p>Kogume ka isikustamata andmeid \u2013 andmeid, mida ei saa otseselt \u00fche kindla isikuga siduda (sugu, vanus, keele eelistus, asukoht).<br>V\u00f5ime koguda ka andmeid klienditegevuste kohta meie veebisaidil. Need andmed koondatakse ja neid kasutatakse selleks, et saaksime klientidele edastada kasulikumat teavet ja saaksime teada, millised veebisaidi, toodete ja teenuste osad on k\u00f5ige huvipakkuvamad. Koondandmeid k\u00e4sitletakse selles privaatsuspoliitikas isikustamata andmetena.<br>&nbsp;<\/p>\n\n\n\n<p><strong>Kogutud isikuandmete kasutamine ja s\u00e4ilitamine<\/strong><\/p>\n\n\n\n<p>Kogutud isikuandmete abil saame teavitada kliente Minikid\u2019i tooteuudistest, kampaaniatest ja tulevastest s\u00fcndmustest. Klient, kes ei soovi olla meie uudiskirjaloendis v\u00f5i saada teavitusi teda huvitada v\u00f5ivatest toodetest, saab ennast adressaatide sihtr\u00fchmast igal ajal eemaldada.&nbsp;<\/p>\n\n\n\n<p>Kogutud isikuandmeid kasutame ka kauba kohaletoimetamiseks ning kliendi ees v\u00f5etud kohustuste t\u00e4itmiseks.&nbsp;<\/p>\n\n\n\n<p>Privaatsuspoliitika tingimustega n\u00f5ustumisel annab klient Minikidile n\u00f5usoleku enda andmete automatiseeritud t\u00f6\u00f6tlemiseks. V\u00f5id alati oma n\u00f5usoleku tagasi v\u00f5tta meie kodulehe vahendusel v\u00f5i kirjalikku taasesitamist v\u00f5imaldavas vormis avalduse tegemisega. Tagasiulatuvat j\u00f5udu avaldusel ega n\u00f5usoleku tagasiv\u00f5tmisel ei ole.<\/p>\n\n\n\n<p>Kliendi paremaks teenindamiseks v\u00f5ib Minikid avaldada teavet \u00fcksikute kasutajate kohta kolmandale osapoolele, kes osutab Minikidileile teenuseid ning on lepinguga kohustunud hoidma jagatud teavet konfidentsiaalsena. Kolmandaks osapooleks on n\u00e4iteks meie partner, kelle \u00fclesanneteks on e-poes m\u00fc\u00fcdavate kaupade transport v\u00f5i j\u00e4relmaksu teenuse pakkumine.&nbsp;<\/p>\n\n\n\n<p>Kliendi isikuandmeid s\u00e4ilitab Minikid kuni p\u00fcsikliendilepingu l\u00f5petamiseni. Andmeid, mida Minikid on kohustatud s\u00e4ilitama \u00f5igusaktidest tulenevalt (nt. raamatupidamisandmed), s\u00e4ilitab Minikid \u00f5igusaktides s\u00e4testatud n\u00f5uetest l\u00e4htuvalt.&nbsp;<br>&nbsp;<\/p>\n\n\n\n<p><strong>Kogutud isikuandmete muutmine<\/strong><\/p>\n\n\n\n<p>Kliendi tuvastamiseks ja temaga kontakteerumiseks kogutud isikuandmeid on kliendil v\u00f5imalik n\u00e4ha, muuta ja t\u00e4iendada meie veebisaidil \u201eMinu konto\u201c alas.<\/p>\n\n\n\n<p>E-maili (Minikid\u2019i veebisaidi kasutajatunnuse) muutumisel palume meid sellest teavitada, kuna seda ei ole kliendil endal v\u00f5imalik muuta.<br>&nbsp;<\/p>\n\n\n\n<p><strong>Isikuandmete kaitse<\/strong><\/p>\n\n\n\n<p>Minikid rakendab k\u00f5iki ettevaatusabin\u00f5usid (sh administratiivsed, tehnilised ja f\u00fc\u00fcsilised meetmed) kliendi isikuandmete kaitsmiseks. Juurdep\u00e4\u00e4s andmete muutmiseks ja t\u00f6\u00f6tlemiseks on ainult selleks volitatud isikutel.&nbsp;<\/p>\n\n\n\n<p>Kui kahtlustad, et Sinu isikuandmetega on toimitud vastupidiselt k\u00e4esolevas privaatsuspoliitikas kirjeldatule v\u00f5i on oht, et Sinu andmed on lekkinud v\u00f5\u00f5rastele isikutele, anna meile sellest koheselt teada. Ainult nii saame hoida potentsiaalse kahju v\u00f5imalikult v\u00e4ikesena.<\/p>\n\n\n\n<p>Kliendil on \u00f5igus n\u00f5uda oma andmete t\u00f6\u00f6tlemise l\u00f5petamist, teavet andmete kasutamise kohta ning andmete edastamist endale v\u00f5i kolmandale isikule \u00fcldkasutatavas vormingus. V\u00e4ltimaks kliendi andmete ja \u00f5iguste v\u00e4\u00e4rkasutust on taotlusi lubatud esitada \u00fcksnes vormis, kus taotleja isik on tuvastatav (digitaalselt allkirjastatud v\u00f5i esinduses isiklikult allkirjastatud). Meil on \u00f5igus sellistele taotlustele vastata 30 p\u00e4eva jooksul.&nbsp;<\/p>\n\n\n\n<p>Andmete t\u00f6\u00f6tlemise l\u00f5petamise n\u00f5uet k\u00e4sitleme p\u00fcsikliendi lepingu l\u00f5petamise avaldusena.&nbsp;<br>&nbsp;<\/p>\n\n\n\n<p><strong>Turvalisus<\/strong><\/p>\n\n\n\n<p>K\u00f5ik Minikidi e-poe k\u00fclastamise ja ostude sooritamise k\u00e4igus teatavaks saanud kliendi isikuandmeid k\u00e4sitletakse kui konfidentsiaalset infot. Kr\u00fcpteeritud andmesidekanal pankadega tagab ostu sooritaja isikuandmete ja pangarekvisiitide turvalisuse.<br>&nbsp;<\/p>\n\n\n\n<p><strong>Privaatsuspoliitika tingimused ja muudatused<\/strong><\/p>\n\n\n\n<p>Meie veebisaiti kasutama asudes v\u00f5i p\u00fcsikliendi avalduse t\u00e4itmisel oled k\u00e4esolevate p\u00f5him\u00f5tete ja tingimustega tutvunud ning nendega n\u00f5ustunud. J\u00e4tame endale \u00f5iguse vajadusel privaatsuspoliitika \u00fcldtingimusi muuta, teavitades sellest k\u00f5iki p\u00fcsikliente, kuid anname oma parima, et hoida meie privaatsuspoliitika ajakohase ja Sinule k\u00e4ttesaadavana meie kodulehel.<\/p>\n\n\n\n<p>Kliendi isikuandmete vastutavaks t\u00f6\u00f6tlejaks on KRISTIANOS O\u00dc. K\u00f5igi privaatsuspoliitika v\u00f5i andmet\u00f6\u00f6tluse kohta tekkivate k\u00fcsimuste v\u00f5i muredega palume v\u00f5tta \u00fchendust aadressil info@minikid.ee.<\/p>\n\n\n\n<p>Sul on alati \u00f5igus p\u00f6\u00f6rduda oma andmete kaitsmiseks Andmekaitse Inspektsiooni v\u00f5i kohtu poole. Andmekaitse Inspektsiooni n\u00e4ol on tegemist riikliku asutusega, mille poole on v\u00f5imalik p\u00f6\u00f6rduda ka isikuandmete kaitse teemadel konsultatsiooni v\u00f5i abi saamiseks.<br><br><strong>Maksed<\/strong><\/p>\n\n\n\n<p>Makseid t\u00f6\u00f6tleb makseplatvorm makecommerce.lv, seega edastab meie ettev\u00f5te maksete teostamiseks vajalikud isikuandmed platvormi omanikule Maksekeskus AS.<\/p>\n\n\n\n<p><strong>KLIENDI ISIKUANDMETE T\u00d6\u00d6TLEMINE<\/strong><\/p>\n\n\n\n<p>1. M\u00fc\u00fcjal on \u00f5igus kasutada (sh t\u00f6\u00f6delda) kliendi poolt esitatud isikuandmeid ja ostude andmeid koosk\u00f5las kehtivate \u00f5igusaktidega ulatuses, mis on vajalik kliendi poolt e-poes esitatud tellimuse t\u00e4itmiseks ja kliendile parema teenuse pakkumiseks.<\/p>\n\n\n\n<p>2. M\u00fc\u00fcjal puudub internetipanga vahendusel kauba eest tasumisel juurdep\u00e4\u00e4s kliendi pangaandmetele.<\/p>\n\n\n\n<p>3. M\u00fc\u00fcjalt tellimuse tegemisega kinnitab klient enda n\u00f5ustumist oma isikuandmete t\u00f6\u00f6tlemisega nagu on selgitatud k\u00e4esolevas peat\u00fckis.<\/p>\n\n\n\n<p>4. Kliendi isikuandmete vastutav t\u00f6\u00f6tleja on KRISTIANOS O\u00dc (registrikood 10294043), asukohaga Ida-Viru maakond, J\u00f5hvi vald, J\u00f5hvi linn, Kirde tn 11, 41535, Eesti.<\/p>\n\n\n\n<p>5. M\u00fc\u00fcja t\u00f6\u00f6tleb kliendi isikuandmeid Lepingu t\u00e4itmise eesm\u00e4rgil, millisel juhul on \u00f5iguslik alus kliendi isikuandmete t\u00f6\u00f6tlemiseks m\u00fc\u00fcja ja kliendi vahel s\u00f5lmitud leping.<\/p>\n\n\n\n<p>6. M\u00fc\u00fcja t\u00f6\u00f6tleb kliendi isikuandmeid ka KRISTIANOS O\u00dc (registrikood 10294043), \u00f5igustatud huvi alusel, eesm\u00e4rgiga pakkuda kliendile parimat teenust. N\u00e4iteks t\u00f6\u00f6tleb KRISTIANOS O\u00dc andmeid kliendi ostuk\u00e4itumise kohta, andmeid uudiskirjade lugemise ja avamise kohta ning andmeid reklaamide avamise kohta, eesm\u00e4rgiga pakkuda kliendile tema eelistatud pakkumisi ja sisu.<\/p>\n\n\n\n<p>7. M\u00fc\u00fcja e-poe kasutamisel on t\u00f6\u00f6deldavateks isikuandmeteks:<\/p>\n\n\n\n<p>7.1. kliendi poolt tellimuse tegemisel ehk Lepingu s\u00f5lmimisel avaldatud andmed: eesnimi, perekonnanimi, isikukood, e-posti aadress, mobiiltelefoninumber, pangakonto number, kauba kohaletoimetamise aadress.<\/p>\n\n\n\n<p>7.2. e-poe kasutamisel ehk Lepingu t\u00e4itmise k\u00e4igus kogutavad ja tekkivad andmed nagu andmed e-poes sooritatud ostude kohta nagu: e-poes kulutatud summad, e-poes sooritatud ostude arv; e-poe soodustuste, nagu elektrooniliste vaut\u0161erite ja muude pakkumiste kasutamise aktiivsus; saadetud uudiste ja e-kirjade avamise info ning info tagasi tulnud e-kirjade kohta (n\u00e4iteks vigase e-postiaadressi korral); andmed kliendi eelistatud kaubakategooriate kohta; andmed kliendi eelistatud br\u00e4ndide kohta ja klienditoe andmed.<\/p>\n\n\n\n<p>8. M\u00fc\u00fcja ei edasta kliendi andmeid \u00fchelgi juhul v\u00e4ljapoole Euroopa Majanduspiirkonda. M\u00fc\u00fcja v\u00f5ib klientide isikuandmeid edastada m\u00fc\u00fcja volitatud t\u00f6\u00f6tlejatele, kelle registreeritud asukohad ja andmehoidlad asuvad Euroopa Majanduspiirkonnas. M\u00fc\u00fcja kasutab \u00fcksnes selliseid volitatud t\u00f6\u00f6tlejaid, kes on andnud Greifto O\u00dc-le vastavalt kohalduvale \u00f5igusele piisava tagatise, et nad rakendavad asjakohaseid tehnilisi ja korralduslikke meetmeid, et tagada klientide isikuandmete t\u00f6\u00f6tlemine koosk\u00f5las kohalduva \u00f5igusega. Greifto O\u00dc kasutab j\u00e4rgmisi volitatud t\u00f6\u00f6tlejaid ja volitatud t\u00f6\u00f6tlejate kategooriaid:<\/p>\n\n\n\n<p>8.1. masspostituste tarkvara ja teenuse pakkujaid, uudiskirjade saatmiseks; turunduspartner uudiskirjade saatmiseks on KRISTIANOS O\u00dc (registrikood 10294043, aadress Ida-Viru maakond, J\u00f5hvi vald, J\u00f5hvi linn, Kirde tn 11, 4153);<\/p>\n\n\n\n<p>8.2. serveri- ja muu tugiteenuse osutajad iseteeninduskeskkonna haldamiseks ZONE MEDIA O\u00dc<\/p>\n\n\n\n<p>(registrikood 10577829, aadress L\u00f5\u00f5tsa 5, Tallinn 11414);<\/p>\n\n\n\n<p>8.3. makseteenust vahendavaid ettev\u00f5tteid ja teave mis on vajalik ostu eest tasumiseks Montonio Finance UAB&nbsp;(reg.nr.&nbsp;3050205122, aadress&nbsp;Konstitucijos pr. 7, Vilnius, Leedu);<\/p>\n\n\n\n<p>8.4. posti- ja kullerteenust pakkuvaid ettev\u00f5tteid ulatuses, mis on vajalik kauba kliendile k\u00e4ttetoimetamiseks EESTI POST AS (registrikood 10328799, aadress Pallasti 28, Tallinn 10001); CARGOBUS O\u00dc (registrikood 10056042, aadress Lastekodu 46, Tallinn 10144);<\/p>\n\n\n\n<p>8.5. vastavalt vajadusele v\u00f5ib M\u00fc\u00fcja kasutada teisi tugiteenuse osutajad kliendikeskkonna ja e-poe veebilehe haldamiseks ja muid turunduspartnerid koosk\u00f5las k\u00e4esolevate tingimustega.<\/p>\n\n\n\n<p>9. T\u00e4psema info saamiseks m\u00fc\u00fcja volitatud t\u00f6\u00f6tlejate kohta, v\u00f5tke palun \u00fchendust m\u00fc\u00fcja klienditeenindusega e-poe veebilehel \u201eKontakt\u201c toodud kontaktandmetel.<\/p>\n\n\n\n<p>10. M\u00fc\u00fcja tagab oma klientidele k\u00f5ik kehtivatest \u00f5igusaktidest tulenevad \u00f5igused seoses klientide isikuandmete t\u00f6\u00f6tlemisega. \u00d5iguste teostamiseks v\u00f5tke palun m\u00fc\u00fcjaga \u00fchendust. Teatud taotlused, mis puudutavad n\u00e4iteks juurdep\u00e4\u00e4su andmetele, andmeanal\u00fc\u00fcsiga seotud spetsiiflisi k\u00fcsimusi v\u00f5i muid k\u00fcsimusi t\u00e4iendava juurdep\u00e4\u00e4su taotlemiseks, on vaja esitada e-kirja teel ja digitaalselt allkirjastatult, et m\u00fc\u00fcjal oleks m\u00f5istlikult v\u00f5imalik taotluse esitaja isikusamasus tuvastada.<\/p>\n\n\n\n<p>11. E-poes sooritatud ostude ostut\u0161eki andmeid s\u00e4ilitatakse 24 kuu jooksul alates ostu sooritamisest, misj\u00e4rel eemaldame kliendi andmed antud ostut\u0161ekilt ja ostu andmed koondatakse ostude kogusumma andmeteks toote kategoorias selliselt, et konkreetne ostja ei ole tuvastatav.<\/p>\n\n\n\n<p>12. K\u00f5iki kliendiga seotud andmeid s\u00e4ilitatakse kuni 24 kuu jooksul p\u00e4rast viimast kliendi andmetega toimunud toimingut e-poes. P\u00e4rast seda kliendi andmed kustutatakse.<\/p>\n\n\n\n<p>13. Isikuandmete t\u00f6\u00f6tlemisel on kliendil muuhulgas j\u00e4rgmised kehtivatest \u00f5igusaktidest tulenevad \u00f5igused:<\/p>\n\n\n\n<p>13.1. \u00d5igus saada informatsiooni isikuandmete t\u00f6\u00f6tlemise kohta \u2013 veebilehel k\u00e4ttesaadavaks tehtud tingimustes on antud \u00fcldteave selle kohta, kuidas m\u00fc\u00fcja t\u00f6\u00f6tleb kliendi isikuandmeid ja milliseid andmeid t\u00f6\u00f6deldakse.<\/p>\n\n\n\n<p>13.2. \u00d5igus andmetele juurdep\u00e4\u00e4sule &#8211; kliendil on igal ajal \u00f5igus k\u00fcsida koopiat oma andmetest, mida m\u00fc\u00fcja t\u00f6\u00f6tleb. Sellesisuline taotlus tuleb esitada digitaalselt allkirjastatult. Enamik teavet andmete kohta, mis m\u00fc\u00fcja hoiab, on kliendile k\u00e4ttesaadav ka e-poe kasutajakeskkonnas.<\/p>\n\n\n\n<p>13.3. \u00d5igus andmete uuendamisele ja parandamisele &#8211; kliendil on igal ajal \u00f5igus on andmeid uuendada. Isikuandmeid saab uuendada e-poe kasutajakeskkonnas v\u00f5i v\u00f5ttes m\u00fc\u00fcjaga \u00fchendust.<\/p>\n\n\n\n<p>13.4. \u00d5igus vastuv\u00e4idete esitamisele &#8211; kliendil on \u00f5igus esitada m\u00fc\u00fcjale vastuv\u00e4iteid oma isikuandmete t\u00f6\u00f6tlemise suhtes, kui isikuandmete t\u00f6\u00f6tlemine toimub m\u00fc\u00fcja \u00f5igustatud huvi alusel.<\/p>\n\n\n\n<p>13.5. \u00d5igus n\u00f5uda isikuandmete kustutamist &#8211; kliendil on \u00f5igus taotleda, et m\u00fc\u00fcja kustutaks teda puudutavad isikuandmed.<\/p>\n\n\n\n<p>13.6. \u00d5igus v\u00f5tta isikuandmete t\u00f6\u00f6tlemiseks antud n\u00f5usolek tagasi &#8211; kui kliendi isikuandmete t\u00f6\u00f6tlemine p\u00f5hineb kliendi antud n\u00f5usolekul, on kliendil igal ajal \u00f5igus m\u00fc\u00fcjale antud n\u00f5usolek tagasi v\u00f5tta.<\/p>\n\n\n\n<p>13.7. \u00d5igus andmete \u00fclekantavusele &#8211; kliendil on \u00f5igus ise saada m\u00fc\u00fcjalt isikuandmeid, mida klient on m\u00fc\u00fcjale esitanud kirjalikult v\u00f5i \u00fcldkasutavas elektroonilises vormingus, ning, kui see on tehniliselt v\u00f5imalik, n\u00f5uda, et m\u00fc\u00fcja edastaks need andmed kolmandale teenusepakkujale.<\/p>\n\n\n\n<p>13.8. \u00d5igus p\u00f6\u00f6rduda n\u00f5ude v\u00f5ib kaebusega Andmekaitse Inspektsiooni poole \u2013 V\u00e4ike-Ameerika 19, 10129 Tallinn, info@aki.ee, www.aki.ee.<\/p>\n\n\n\n<p>14. Punktides 5.13.1-5.13.8. nimetatud \u00f5iguste teostamiseks v\u00f5tke palun m\u00fc\u00fcjaga \u00fchendust e-poe veebilehel \u201eKontakt\u201c toodud kontaktandmetel.<\/p>","protected":false},"excerpt":{"rendered":"<p>Privaatsuspoliitika Bebemarket on v\u00f5tnud endale kohustuse kaitsta klientide ja kasutajate privaatsust. Sellest l\u00e4htuvalt oleme koostanud k\u00e4esolevad privaatsuspoliitika p\u00f5him\u00f5tted, mis k\u00e4sitlevad kliendi andmete kogumist, kasutamist, avaldamist, edastamist ja talletamist. Meie tegevus internetis on koosk\u00f5las k\u00f5igi asjakohaste tegevuste ja vastavate Euroopa Liidu \u00f5igusaktide ja Eesti Vabariigi seadustega. Leia veidi aega ja tutvu meie privaatsusp\u00f5him\u00f5tetega.\u00a0\u00a0 Isikuandmete kogumine ja [&hellip;]<\/p>\n","protected":false},"author":2,"featured_media":0,"parent":0,"menu_order":0,"comment_status":"closed","ping_status":"closed","template":"","meta":{"footnotes":""},"class_list":["post-565","page","type-page","status-publish","hentry"],"blocksy_meta":[],"aioseo_notices":[],"jetpack_sharing_enabled":true,"_links":{"self":[{"href":"https:\/\/bebemarket.ee\/ru\/wp-json\/wp\/v2\/pages\/565","targetHints":{"allow":["GET"]}}],"collection":[{"href":"https:\/\/bebemarket.ee\/ru\/wp-json\/wp\/v2\/pages"}],"about":[{"href":"https:\/\/bebemarket.ee\/ru\/wp-json\/wp\/v2\/types\/page"}],"author":[{"embeddable":true,"href":"https:\/\/bebemarket.ee\/ru\/wp-json\/wp\/v2\/users\/2"}],"replies":[{"embeddable":true,"href":"https:\/\/bebemarket.ee\/ru\/wp-json\/wp\/v2\/comments?post=565"}],"version-history":[{"count":3,"href":"https:\/\/bebemarket.ee\/ru\/wp-json\/wp\/v2\/pages\/565\/revisions"}],"predecessor-version":[{"id":754,"href":"https:\/\/bebemarket.ee\/ru\/wp-json\/wp\/v2\/pages\/565\/revisions\/754"}],"wp:attachment":[{"href":"https:\/\/bebemarket.ee\/ru\/wp-json\/wp\/v2\/media?parent=565"}],"curies":[{"name":"wp","href":"https:\/\/api.w.org\/{rel}","templated":true}]}}