{"id":987,"date":"2026-01-22T18:40:22","date_gmt":"2026-01-22T16:40:22","guid":{"rendered":"https:\/\/bebemarket.ee\/?post_type=product&#038;p=987"},"modified":"2026-01-22T18:42:22","modified_gmt":"2026-01-22T16:42:22","slug":"beebijalutaja-babymix","status":"publish","type":"product","link":"https:\/\/bebemarket.ee\/ee\/toode\/beebijalutaja-babymix\/","title":{"rendered":"Beebijalutaja BABYMIX"},"content":{"rendered":"<p><strong data-start=\"93\" data-end=\"118\">Beebijalutaja BABYMIX<\/strong> pakub lapsele turvalist ja mugavat tuge esimestel liikumiskatsetel. Stabiilne konstruktsioon, pehme iste ja m\u00e4nguelemendid aitavad hoida last tegevuses ning toetavad motoorika ja koordinatsiooni arengut. Reguleeritav k\u00f5rgus v\u00f5imaldab jalutajat kohandada lapse kasvuga. Praktiline abivahend igap\u00e4evaseks kasutamiseks kodus.<\/p>\n","protected":false},"excerpt":{"rendered":"<p>Beebijalutaja BABYMIX pakub lapsele turvalist ja mugavat tuge esimestel liikumiskatsetel. Stabiilne konstruktsioon, pehme iste ja m\u00e4nguelemendid aitavad hoida last tegevuses ning toetavad motoorika ja koordinatsiooni arengut. Reguleeritav k\u00f5rgus v\u00f5imaldab jalutajat kohandada lapse kasvuga. Praktiline abivahend igap\u00e4evaseks kasutamiseks kodus.<\/p>\n","protected":false},"featured_media":994,"comment_status":"open","ping_status":"closed","template":"","meta":[],"product_brand":[],"product_cat":[44,138],"product_tag":[],"class_list":{"0":"post-987","1":"product","2":"type-product","3":"status-publish","4":"has-post-thumbnail","6":"product_cat-moobel","7":"product_cat-vannitoa-lisandid","9":"first","10":"instock","11":"shipping-taxable","12":"purchasable","13":"product-type-variable"},"aioseo_notices":[],"jetpack_sharing_enabled":true,"_links":{"self":[{"href":"https:\/\/bebemarket.ee\/ee\/wp-json\/wp\/v2\/product\/987","targetHints":{"allow":["GET"]}}],"collection":[{"href":"https:\/\/bebemarket.ee\/ee\/wp-json\/wp\/v2\/product"}],"about":[{"href":"https:\/\/bebemarket.ee\/ee\/wp-json\/wp\/v2\/types\/product"}],"replies":[{"embeddable":true,"href":"https:\/\/bebemarket.ee\/ee\/wp-json\/wp\/v2\/comments?post=987"}],"version-history":[{"count":3,"href":"https:\/\/bebemarket.ee\/ee\/wp-json\/wp\/v2\/product\/987\/revisions"}],"predecessor-version":[{"id":1002,"href":"https:\/\/bebemarket.ee\/ee\/wp-json\/wp\/v2\/product\/987\/revisions\/1002"}],"wp:featuredmedia":[{"embeddable":true,"href":"https:\/\/bebemarket.ee\/ee\/wp-json\/wp\/v2\/media\/994"}],"wp:attachment":[{"href":"https:\/\/bebemarket.ee\/ee\/wp-json\/wp\/v2\/media?parent=987"}],"wp:term":[{"taxonomy":"product_brand","embeddable":true,"href":"https:\/\/bebemarket.ee\/ee\/wp-json\/wp\/v2\/product_brand?post=987"},{"taxonomy":"product_cat","embeddable":true,"href":"https:\/\/bebemarket.ee\/ee\/wp-json\/wp\/v2\/product_cat?post=987"},{"taxonomy":"product_tag","embeddable":true,"href":"https:\/\/bebemarket.ee\/ee\/wp-json\/wp\/v2\/product_tag?post=987"}],"curies":[{"name":"wp","href":"https:\/\/api.w.org\/{rel}","templated":true}]}}