{"id":1172,"date":"2026-01-26T18:31:31","date_gmt":"2026-01-26T16:31:31","guid":{"rendered":"https:\/\/bebemarket.ee\/?post_type=product&#038;p=1172"},"modified":"2026-01-26T18:32:29","modified_gmt":"2026-01-26T16:32:29","slug":"baldahhiin-voodile","status":"publish","type":"product","link":"https:\/\/bebemarket.ee\/ee\/toode\/baldahhiin-voodile\/","title":{"rendered":"Baldahhiin voodile"},"content":{"rendered":"<p data-start=\"136\" data-end=\"430\"><strong data-start=\"136\" data-end=\"158\">Baldahhiin voodile<\/strong> loob lapse voodisse hubase ja turvalise \u00f5hkkonna. Pehme kangas aitab v\u00e4hendada valguse ja \u00fcmbritseva m\u00fcra m\u00f5ju, soodustades rahulikumat und. Baldahhiini on lihtne kinnitada ning see sobib h\u00e4sti nii beebi- kui ka lastevoodile. Praktiline ja dekoratiivne lisand lastetuppa.<\/p>\n","protected":false},"excerpt":{"rendered":"<p>Baldahhiin voodile loob lapse voodisse hubase ja turvalise \u00f5hkkonna. Pehme kangas aitab v\u00e4hendada valguse ja \u00fcmbritseva m\u00fcra m\u00f5ju, soodustades rahulikumat und. Baldahhiini on lihtne kinnitada ning see sobib h\u00e4sti nii beebi- kui ka lastevoodile. Praktiline ja dekoratiivne lisand lastetuppa.<\/p>\n","protected":false},"featured_media":1173,"comment_status":"open","ping_status":"closed","template":"","meta":[],"product_brand":[],"product_cat":[44],"product_tag":[],"class_list":{"0":"post-1172","1":"product","2":"type-product","3":"status-publish","4":"has-post-thumbnail","6":"product_cat-moobel","8":"first","9":"instock","10":"shipping-taxable","11":"purchasable","12":"product-type-variable"},"aioseo_notices":[],"jetpack_sharing_enabled":true,"_links":{"self":[{"href":"https:\/\/bebemarket.ee\/ee\/wp-json\/wp\/v2\/product\/1172","targetHints":{"allow":["GET"]}}],"collection":[{"href":"https:\/\/bebemarket.ee\/ee\/wp-json\/wp\/v2\/product"}],"about":[{"href":"https:\/\/bebemarket.ee\/ee\/wp-json\/wp\/v2\/types\/product"}],"replies":[{"embeddable":true,"href":"https:\/\/bebemarket.ee\/ee\/wp-json\/wp\/v2\/comments?post=1172"}],"version-history":[{"count":3,"href":"https:\/\/bebemarket.ee\/ee\/wp-json\/wp\/v2\/product\/1172\/revisions"}],"predecessor-version":[{"id":1177,"href":"https:\/\/bebemarket.ee\/ee\/wp-json\/wp\/v2\/product\/1172\/revisions\/1177"}],"wp:featuredmedia":[{"embeddable":true,"href":"https:\/\/bebemarket.ee\/ee\/wp-json\/wp\/v2\/media\/1173"}],"wp:attachment":[{"href":"https:\/\/bebemarket.ee\/ee\/wp-json\/wp\/v2\/media?parent=1172"}],"wp:term":[{"taxonomy":"product_brand","embeddable":true,"href":"https:\/\/bebemarket.ee\/ee\/wp-json\/wp\/v2\/product_brand?post=1172"},{"taxonomy":"product_cat","embeddable":true,"href":"https:\/\/bebemarket.ee\/ee\/wp-json\/wp\/v2\/product_cat?post=1172"},{"taxonomy":"product_tag","embeddable":true,"href":"https:\/\/bebemarket.ee\/ee\/wp-json\/wp\/v2\/product_tag?post=1172"}],"curies":[{"name":"wp","href":"https:\/\/api.w.org\/{rel}","templated":true}]}}