{"id":759,"date":"2025-11-20T19:41:30","date_gmt":"2025-11-20T17:41:30","guid":{"rendered":"https:\/\/bebemarket.ee\/?page_id=759"},"modified":"2025-12-09T18:14:40","modified_gmt":"2025-12-09T16:14:40","slug":"elementor-page-759","status":"publish","type":"page","link":"https:\/\/bebemarket.ee\/ee\/elementor-page-759\/","title":{"rendered":"Kontakt"},"content":{"rendered":"\t\t<div data-elementor-type=\"wp-page\" data-elementor-id=\"759\" class=\"elementor elementor-759\">\n\t\t\t\t<header class=\"elementor-element elementor-element-51bd63a9 e-con-full e-flex e-con e-parent\" data-id=\"51bd63a9\" data-element_type=\"container\" data-e-type=\"container\">\n\t\t<div class=\"elementor-element elementor-element-29df6972 e-con-full e-flex e-con e-child\" data-id=\"29df6972\" data-element_type=\"container\" data-e-type=\"container\">\n\t\t\t\t<\/div>\n\t\t<div class=\"elementor-element elementor-element-e28db84 e-con-full e-flex e-con e-child\" data-id=\"e28db84\" data-element_type=\"container\" data-e-type=\"container\">\n\t\t\t\t<div class=\"elementor-element elementor-element-404f731f elementor-align-end elementor-icon-list--layout-traditional elementor-list-item-link-full_width elementor-widget elementor-widget-icon-list\" data-id=\"404f731f\" data-element_type=\"widget\" data-e-type=\"widget\" data-widget_type=\"icon-list.default\">\n\t\t\t\t\t\t\t<ul class=\"elementor-icon-list-items\">\n\t\t\t\t\t\t\t<li class=\"elementor-icon-list-item\">\n\t\t\t\t\t\t\t\t\t\t\t<a href=\"tel:%20%20+3725173434\">\n\n\t\t\t\t\t\t\t\t\t\t\t\t<span class=\"elementor-icon-list-icon\">\n\t\t\t\t\t\t\t<svg xmlns=\"http:\/\/www.w3.org\/2000\/svg\" id=\"bca8668a-c1a7-45ca-a09b-aba638241546\" data-name=\"Layer 1\" width=\"14.9685\" height=\"15\" viewBox=\"0 0 14.9685 15\"><path d=\"M14.576,11.0085,12.4827,8.9152a1.3923,1.3923,0,0,0-2.3176.5233,1.4244,1.4244,0,0,1-1.6447.8971A6.455,6.455,0,0,1,4.6328,6.4481,1.3551,1.3551,0,0,1,5.53,4.8033a1.3922,1.3922,0,0,0,.5233-2.3175L3.96.3925a1.4929,1.4929,0,0,0-2.0185,0l-1.42,1.42C-.8994,3.3082.6705,7.27,4.1843,10.7842s7.476,5.1585,8.9712,3.6633L14.576,13.027A1.4931,1.4931,0,0,0,14.576,11.0085Z\" transform=\"translate(0 0)\"><\/path><\/svg>\t\t\t\t\t\t<\/span>\n\t\t\t\t\t\t\t\t\t\t<span class=\"elementor-icon-list-text\"> +372 5173434<\/span>\n\t\t\t\t\t\t\t\t\t\t\t<\/a>\n\t\t\t\t\t\t\t\t\t<\/li>\n\t\t\t\t\t\t<\/ul>\n\t\t\t\t\t\t<\/div>\n\t\t\t\t<\/div>\n\t\t\t\t<\/header>\n\t\t<div class=\"elementor-element elementor-element-ec9fa5f e-con-full e-flex e-con e-parent\" data-id=\"ec9fa5f\" data-element_type=\"container\" data-e-type=\"container\">\n\t\t<div class=\"elementor-element elementor-element-315ba59a e-con-full e-flex e-con e-child\" data-id=\"315ba59a\" data-element_type=\"container\" data-e-type=\"container\">\n\t\t\t\t<div class=\"elementor-element elementor-element-bfd5647 elementor-widget elementor-widget-heading\" data-id=\"bfd5647\" data-element_type=\"widget\" data-e-type=\"widget\" data-widget_type=\"heading.default\">\n\t\t\t\t\t<h1 class=\"elementor-heading-title elementor-size-default\">V\u00f5ta \u00fchendust<\/h1>\t\t\t\t<\/div>\n\t\t\t\t<div class=\"elementor-element elementor-element-79186e2 elementor-widget elementor-widget-text-editor\" data-id=\"79186e2\" data-element_type=\"widget\" data-e-type=\"widget\" data-widget_type=\"text-editor.default\">\n\t\t\t\t\t\t\t\t\t<p>Meile meeldiks teist kuulda.<br \/>V\u00f5tke meiega julgelt \u00fchendust allolevate kontaktandmete kaudu.<\/p>\t\t\t\t\t\t\t\t<\/div>\n\t\t\t\t<\/div>\n\t\t<div class=\"elementor-element elementor-element-11e24cb2 e-con-full e-flex e-con e-child\" data-id=\"11e24cb2\" data-element_type=\"container\" data-e-type=\"container\">\n\t\t\t\t<div class=\"elementor-element elementor-element-5b40168c elementor-widget elementor-widget-image\" data-id=\"5b40168c\" data-element_type=\"widget\" data-e-type=\"widget\" data-widget_type=\"image.default\">\n\t\t\t\t\t\t\t\t\t\t\t\t\t\t\t<img fetchpriority=\"high\" decoding=\"async\" width=\"1024\" height=\"707\" src=\"https:\/\/bebemarket.ee\/wp-content\/uploads\/2025\/06\/hello-world-featured-1024x707.jpg\" class=\"attachment-large size-large wp-image-43\" alt=\"Tere, Maailm tunnuspilt\" srcset=\"https:\/\/bebemarket.ee\/wp-content\/uploads\/2025\/06\/hello-world-featured-1024x707.jpg 1024w, https:\/\/bebemarket.ee\/wp-content\/uploads\/2025\/06\/hello-world-featured-scaled-600x414.jpg 600w, https:\/\/bebemarket.ee\/wp-content\/uploads\/2025\/06\/hello-world-featured-300x207.jpg 300w, https:\/\/bebemarket.ee\/wp-content\/uploads\/2025\/06\/hello-world-featured-768x531.jpg 768w, https:\/\/bebemarket.ee\/wp-content\/uploads\/2025\/06\/hello-world-featured-1536x1061.jpg 1536w, https:\/\/bebemarket.ee\/wp-content\/uploads\/2025\/06\/hello-world-featured-2048x1415.jpg 2048w\" sizes=\"(max-width: 1024px) 100vw, 1024px\" \/>\t\t\t\t\t\t\t\t\t\t\t\t\t\t\t<\/div>\n\t\t\t\t<\/div>\n\t\t\t\t<\/div>\n\t\t<div class=\"elementor-element elementor-element-2073b2aa e-con-full e-flex e-con e-parent\" data-id=\"2073b2aa\" data-element_type=\"container\" data-e-type=\"container\" data-settings=\"{&quot;background_background&quot;:&quot;classic&quot;}\">\n\t\t<div class=\"elementor-element elementor-element-c0f3500 e-con-full e-flex e-con e-child\" data-id=\"c0f3500\" data-element_type=\"container\" data-e-type=\"container\">\n\t\t\t\t<div class=\"elementor-element elementor-element-8681193 elementor-widget elementor-widget-image\" data-id=\"8681193\" data-element_type=\"widget\" data-e-type=\"widget\" data-widget_type=\"image.default\">\n\t\t\t\t\t\t\t\t\t\t\t\t\t\t\t<img decoding=\"async\" width=\"960\" height=\"1280\" src=\"https:\/\/bebemarket.ee\/wp-content\/uploads\/2025\/10\/5920023096939629108.jpg\" class=\"attachment-1536x1536 size-1536x1536 wp-image-512\" alt=\"\" srcset=\"https:\/\/bebemarket.ee\/wp-content\/uploads\/2025\/10\/5920023096939629108.jpg 960w, https:\/\/bebemarket.ee\/wp-content\/uploads\/2025\/10\/5920023096939629108-225x300.jpg 225w, https:\/\/bebemarket.ee\/wp-content\/uploads\/2025\/10\/5920023096939629108-768x1024.jpg 768w, https:\/\/bebemarket.ee\/wp-content\/uploads\/2025\/10\/5920023096939629108-600x800.jpg 600w\" sizes=\"(max-width: 960px) 100vw, 960px\" \/>\t\t\t\t\t\t\t\t\t\t\t\t\t\t\t<\/div>\n\t\t\t\t<\/div>\n\t\t<div class=\"elementor-element elementor-element-7356f85a e-con-full e-flex e-con e-child\" data-id=\"7356f85a\" data-element_type=\"container\" data-e-type=\"container\">\n\t\t\t\t<div class=\"elementor-element elementor-element-3f64f365 elementor-align-start elementor-icon-list--layout-traditional elementor-list-item-link-full_width elementor-widget elementor-widget-icon-list\" data-id=\"3f64f365\" data-element_type=\"widget\" data-e-type=\"widget\" data-widget_type=\"icon-list.default\">\n\t\t\t\t\t\t\t<ul class=\"elementor-icon-list-items\">\n\t\t\t\t\t\t\t<li class=\"elementor-icon-list-item\">\n\t\t\t\t\t\t\t\t\t\t\t<a href=\"https:\/\/share.google\/cgJ19VngDQ7nQjdY7\">\n\n\t\t\t\t\t\t\t\t\t\t\t<span class=\"elementor-icon-list-text\"><b>Aadress:<\/b> Ida-Viru maakond, J\u00f5hvi vald, J\u00f5hvi linn, Keskv\u00e4ljak 6<\/span>\n\t\t\t\t\t\t\t\t\t\t\t<\/a>\n\t\t\t\t\t\t\t\t\t<\/li>\n\t\t\t\t\t\t\t\t<li class=\"elementor-icon-list-item\">\n\t\t\t\t\t\t\t\t\t\t<span class=\"elementor-icon-list-text\"><b>T\u00f6\u00f6tame:<\/b> E-R 10.00 - 18.00, L 10.00 -16.00, P 10.00-15<\/span>\n\t\t\t\t\t\t\t\t\t<\/li>\n\t\t\t\t\t\t\t\t<li class=\"elementor-icon-list-item\">\n\t\t\t\t\t\t\t\t\t\t<span class=\"elementor-icon-list-text\"><b>Phone:<\/b>  +3725173434<\/span>\n\t\t\t\t\t\t\t\t\t<\/li>\n\t\t\t\t\t\t\t\t<li class=\"elementor-icon-list-item\">\n\t\t\t\t\t\t\t\t\t\t\t<a href=\"mailto:%20%20info@bebemarket.ee\">\n\n\t\t\t\t\t\t\t\t\t\t\t<span class=\"elementor-icon-list-text\"><b>Email:<\/b> info@bebemarket.ee<\/span>\n\t\t\t\t\t\t\t\t\t\t\t<\/a>\n\t\t\t\t\t\t\t\t\t<\/li>\n\t\t\t\t\t\t<\/ul>\n\t\t\t\t\t\t<\/div>\n\t\t\t\t<\/div>\n\t\t\t\t<\/div>\n\t\t<div class=\"elementor-element elementor-element-14d62 e-con-full e-flex e-con e-parent\" data-id=\"14d62\" data-element_type=\"container\" data-e-type=\"container\">\n\t\t<div class=\"elementor-element elementor-element-26adb935 e-con-full e-flex e-con e-child\" data-id=\"26adb935\" data-element_type=\"container\" data-e-type=\"container\" data-settings=\"{&quot;background_background&quot;:&quot;classic&quot;}\">\n\t\t\t\t<div class=\"elementor-element elementor-element-47ba0f16 elementor-widget elementor-widget-google_maps\" data-id=\"47ba0f16\" data-element_type=\"widget\" data-e-type=\"widget\" data-widget_type=\"google_maps.default\">\n\t\t\t\t\t\t\t<div class=\"elementor-custom-embed\">\n\t\t\t<iframe loading=\"lazy\"\n\t\t\t\t\tsrc=\"https:\/\/maps.google.com\/maps?q=Ida-Viru%20maakond%2C%20J%C3%B5hvi%20vald%2C%20J%C3%B5hvi%20linn%2C%20Keskv%C3%A4ljak%206&#038;t=m&#038;z=18&#038;output=embed&#038;iwloc=near\"\n\t\t\t\t\ttitle=\"Ida-Viru maakond, J\u00f5hvi vald, J\u00f5hvi linn, Keskv\u00e4ljak 6\"\n\t\t\t\t\taria-label=\"Ida-Viru maakond, J\u00f5hvi vald, J\u00f5hvi linn, Keskv\u00e4ljak 6\"\n\t\t\t><\/iframe>\n\t\t<\/div>\n\t\t\t\t\t\t<\/div>\n\t\t\t\t<\/div>\n\t\t<div class=\"elementor-element elementor-element-59d02528 e-con-full e-flex e-con e-child\" data-id=\"59d02528\" data-element_type=\"container\" data-e-type=\"container\">\n\t\t\t\t<div class=\"elementor-element elementor-element-537cac7e elementor-widget elementor-widget-heading\" data-id=\"537cac7e\" data-element_type=\"widget\" data-e-type=\"widget\" data-widget_type=\"heading.default\">\n\t\t\t\t\t<h2 class=\"elementor-heading-title elementor-size-default\">K\u00fclasta meid!<\/h2>\t\t\t\t<\/div>\n\t\t\t\t<div class=\"elementor-element elementor-element-eaeff3f elementor-widget elementor-widget-icon-box\" data-id=\"eaeff3f\" data-element_type=\"widget\" data-e-type=\"widget\" data-widget_type=\"icon-box.default\">\n\t\t\t\t\t\t\t<div class=\"elementor-icon-box-wrapper\">\n\n\t\t\t\n\t\t\t\t\t\t<div class=\"elementor-icon-box-content\">\n\n\t\t\t\t\t\t\t\t\t<h4 class=\"elementor-icon-box-title\">\n\t\t\t\t\t\t<span  >\n\t\t\t\t\t\t\tAadress:\t\t\t\t\t\t<\/span>\n\t\t\t\t\t<\/h4>\n\t\t\t\t\n\t\t\t\t\t\t\t\t\t<p class=\"elementor-icon-box-description\">\n\t\t\t\t\t\tIda-Viru maakond, J\u00f5hvi vald, \nJ\u00f5hvi linn, Keskv\u00e4ljak 6\t\t\t\t\t<\/p>\n\t\t\t\t\n\t\t\t<\/div>\n\t\t\t\n\t\t<\/div>\n\t\t\t\t\t\t<\/div>\n\t\t\t\t<\/div>\n\t\t\t\t<\/div>\n\t\t\t\t<\/div>\n\t\t","protected":false},"excerpt":{"rendered":"<p>+372 5173434 V\u00f5ta \u00fchendust Meile meeldiks teist kuulda.V\u00f5tke meiega julgelt \u00fchendust allolevate kontaktandmete kaudu. Aadress: Ida-Viru maakond, J\u00f5hvi vald, J\u00f5hvi linn, Keskv\u00e4ljak 6 T\u00f6\u00f6tame: E-R 10.00 &#8211; 18.00, L 10.00 -16.00, P 10.00-15 Phone: +3725173434 Email: info@bebemarket.ee K\u00fclasta meid! Aadress: Ida-Viru maakond, J\u00f5hvi vald, J\u00f5hvi linn, Keskv\u00e4ljak 6<\/p>\n","protected":false},"author":2,"featured_media":0,"parent":0,"menu_order":0,"comment_status":"closed","ping_status":"closed","template":"","meta":{"footnotes":""},"class_list":["post-759","page","type-page","status-publish","hentry"],"blocksy_meta":[],"aioseo_notices":[],"jetpack_sharing_enabled":true,"_links":{"self":[{"href":"https:\/\/bebemarket.ee\/ee\/wp-json\/wp\/v2\/pages\/759","targetHints":{"allow":["GET"]}}],"collection":[{"href":"https:\/\/bebemarket.ee\/ee\/wp-json\/wp\/v2\/pages"}],"about":[{"href":"https:\/\/bebemarket.ee\/ee\/wp-json\/wp\/v2\/types\/page"}],"author":[{"embeddable":true,"href":"https:\/\/bebemarket.ee\/ee\/wp-json\/wp\/v2\/users\/2"}],"replies":[{"embeddable":true,"href":"https:\/\/bebemarket.ee\/ee\/wp-json\/wp\/v2\/comments?post=759"}],"version-history":[{"count":26,"href":"https:\/\/bebemarket.ee\/ee\/wp-json\/wp\/v2\/pages\/759\/revisions"}],"predecessor-version":[{"id":948,"href":"https:\/\/bebemarket.ee\/ee\/wp-json\/wp\/v2\/pages\/759\/revisions\/948"}],"wp:attachment":[{"href":"https:\/\/bebemarket.ee\/ee\/wp-json\/wp\/v2\/media?parent=759"}],"curies":[{"name":"wp","href":"https:\/\/api.w.org\/{rel}","templated":true}]}}